{"id":1440,"date":"2019-12-16T11:26:02","date_gmt":"2019-12-16T16:26:02","guid":{"rendered":"https:\/\/wwd-martinehebert.uqam.ca\/nous-joindre\/"},"modified":"2024-03-18T13:01:42","modified_gmt":"2024-03-18T17:01:42","slug":"nous-joindre","status":"publish","type":"page","link":"https:\/\/martinehebert.uqam.ca\/en\/nous-joindre\/","title":{"rendered":"Contact us"},"content":{"rendered":"\n<figure class=\"wp-block-image size-full\"><img loading=\"lazy\" decoding=\"async\" width=\"1190\" height=\"300\" src=\"https:\/\/martinehebert.uqam.ca\/wp-content\/uploads\/sites\/145\/352A1028-1.jpg\" alt=\"\" class=\"wp-image-1190\" style=\"object-fit:cover\" srcset=\"https:\/\/martinehebert.uqam.ca\/wp-content\/uploads\/sites\/145\/352A1028-1.jpg 1190w, https:\/\/martinehebert.uqam.ca\/wp-content\/uploads\/sites\/145\/352A1028-1-300x76.jpg 300w, https:\/\/martinehebert.uqam.ca\/wp-content\/uploads\/sites\/145\/352A1028-1-768x194.jpg 768w, https:\/\/martinehebert.uqam.ca\/wp-content\/uploads\/sites\/145\/352A1028-1-1024x258.jpg 1024w\" sizes=\"auto, (max-width: 1190px) 100vw, 1190px\" \/><\/figure>\n\n\n\n<h2 class=\"wp-block-heading\"><strong>Martine H\u00e9bert&#8217;s research laboratory<\/strong><\/h2>\n\n\n\n<p style=\"font-size:18px\"><strong>Email: <\/strong><a href=\"mailto:labomartinehebert@uqam.ca\" target=\"_blank\" rel=\"noreferrer noopener\">labomartinehebert@uqam.ca<\/a> <\/p>\n\n\n\n<div class=\"wp-block-columns is-layout-flex wp-container-core-columns-is-layout-9d6595d7 wp-block-columns-is-layout-flex\">\n<div class=\"wp-block-column is-layout-flow wp-block-column-is-layout-flow\">\n<p><strong>Geographic address<br><\/strong><br>D\u00e9partement de sexologie<br>Universit\u00e9 du Qu\u00e9bec \u00e0 Montr\u00e9al\u00a0<br>455, Ren\u00e9 Levesque Est, local W-R110\u00a0<br>Montr\u00e9al (Qu\u00e9bec)\u00a0 H2L 4Y2<\/p>\n<\/div>\n\n\n\n<div class=\"wp-block-column is-layout-flow wp-block-column-is-layout-flow\">\n<p><strong>Postal address<\/strong><br><br>D\u00e9partement de sexologie<br>Universit\u00e9 du Qu\u00e9bec \u00e0 Montr\u00e9al<br>Case postale 8888, succursale Centre-ville<br>Montr\u00e9al (Qu\u00e9bec) \u00a0H3C 3P8<\/p>\n<\/div>\n<\/div>\n\n\n\n<p style=\"font-size:18px\"><strong>Follow us on social networks<\/strong><\/p>\n\n\n\n\n\n<p><a aria-label=\" (opens in a new tab)\" href=\"https:\/\/twitter.com\/DrMartineHebert\" target=\"_blank\" rel=\"noreferrer noopener\" class=\"ek-link\"><img loading=\"lazy\" decoding=\"async\" width=\"2400\" height=\"2453\" class=\"wp-image-6468\" style=\"width: 50px\" src=\"https:\/\/martinehebert.uqam.ca\/wp-content\/uploads\/sites\/145\/logo-black.png\" alt=\"\" srcset=\"https:\/\/martinehebert.uqam.ca\/wp-content\/uploads\/sites\/145\/logo-black.png 2400w, https:\/\/martinehebert.uqam.ca\/wp-content\/uploads\/sites\/145\/logo-black-294x300.png 294w, https:\/\/martinehebert.uqam.ca\/wp-content\/uploads\/sites\/145\/logo-black-1002x1024.png 1002w, https:\/\/martinehebert.uqam.ca\/wp-content\/uploads\/sites\/145\/logo-black-768x785.png 768w, https:\/\/martinehebert.uqam.ca\/wp-content\/uploads\/sites\/145\/logo-black-1503x1536.png 1503w, https:\/\/martinehebert.uqam.ca\/wp-content\/uploads\/sites\/145\/logo-black-2004x2048.png 2004w\" sizes=\"auto, (max-width: 2400px) 100vw, 2400px\" \/><\/a>\u00a0<a aria-label=\" (opens in a new tab)\" href=\"https:\/\/www.facebook.com\/LaboratoireMH\" target=\"_blank\" rel=\"noreferrer noopener\" class=\"ek-link\"><img loading=\"lazy\" decoding=\"async\" width=\"2084\" height=\"2084\" class=\"wp-image-6474\" style=\"width: 55px\" src=\"https:\/\/martinehebert.uqam.ca\/wp-content\/uploads\/sites\/145\/Facebook_Logo_Primary.png\" alt=\"\" srcset=\"https:\/\/martinehebert.uqam.ca\/wp-content\/uploads\/sites\/145\/Facebook_Logo_Primary.png 2084w, https:\/\/martinehebert.uqam.ca\/wp-content\/uploads\/sites\/145\/Facebook_Logo_Primary-300x300.png 300w, https:\/\/martinehebert.uqam.ca\/wp-content\/uploads\/sites\/145\/Facebook_Logo_Primary-1024x1024.png 1024w, https:\/\/martinehebert.uqam.ca\/wp-content\/uploads\/sites\/145\/Facebook_Logo_Primary-150x150.png 150w, https:\/\/martinehebert.uqam.ca\/wp-content\/uploads\/sites\/145\/Facebook_Logo_Primary-768x768.png 768w, https:\/\/martinehebert.uqam.ca\/wp-content\/uploads\/sites\/145\/Facebook_Logo_Primary-1536x1536.png 1536w, https:\/\/martinehebert.uqam.ca\/wp-content\/uploads\/sites\/145\/Facebook_Logo_Primary-2048x2048.png 2048w\" sizes=\"auto, (max-width: 2084px) 100vw, 2084px\" \/><\/a>\u00a0<a aria-label=\" (opens in a new tab)\" href=\"https:\/\/www.researchgate.net\/profile\/Martine_Hebert\" target=\"_blank\" rel=\"noreferrer noopener\" class=\"ek-link\"><img loading=\"lazy\" decoding=\"async\" width=\"500\" height=\"500\" class=\"wp-image-6478\" style=\"width: 52px\" src=\"https:\/\/martinehebert.uqam.ca\/wp-content\/uploads\/sites\/145\/RG_square_green.jpg\" alt=\"\" srcset=\"https:\/\/martinehebert.uqam.ca\/wp-content\/uploads\/sites\/145\/RG_square_green.jpg 500w, https:\/\/martinehebert.uqam.ca\/wp-content\/uploads\/sites\/145\/RG_square_green-300x300.jpg 300w, https:\/\/martinehebert.uqam.ca\/wp-content\/uploads\/sites\/145\/RG_square_green-150x150.jpg 150w\" sizes=\"auto, (max-width: 500px) 100vw, 500px\" \/><\/a><\/p>\n","protected":false},"excerpt":{"rendered":"<p>Martine H\u00e9bert&#8217;s research laboratory Email: labomartinehebert@uqam.ca Geographic addressD\u00e9partement de sexologieUniversit\u00e9 du Qu\u00e9bec \u00e0 Montr\u00e9al\u00a0455, Ren\u00e9 Levesque Est, local W-R110\u00a0Montr\u00e9al (Qu\u00e9bec)\u00a0 H2L 4Y2 Postal address D\u00e9partement de sexologieUniversit\u00e9 du Qu\u00e9bec \u00e0 Montr\u00e9alCase postale 8888, succursale Centre-villeMontr\u00e9al (Qu\u00e9bec) \u00a0H3C 3P8 Follow us on social networks \u00a0\u00a0<\/p>\n","protected":false},"author":576,"featured_media":0,"parent":0,"menu_order":6,"comment_status":"closed","ping_status":"closed","template":"","meta":{"_editorskit_title_hidden":false,"_editorskit_reading_time":0,"_editorskit_is_block_options_detached":false,"_editorskit_block_options_position":"{}","footnotes":""},"categories":[],"class_list":["post-1440","page","type-page","status-publish","hentry"],"yoast_head":"<!-- This site is optimized with the Yoast SEO plugin v27.5 - https:\/\/yoast.com\/product\/yoast-seo-wordpress\/ -->\n<title>Contact us | Laboratoire de recherche de Martine H\u00e9bert | UQAM<\/title>\n<meta name=\"robots\" content=\"index, follow, max-snippet:-1, max-image-preview:large, max-video-preview:-1\" \/>\n<link rel=\"canonical\" href=\"https:\/\/martinehebert.uqam.ca\/en\/nous-joindre\/\" \/>\n<meta property=\"og:locale\" content=\"en_US\" \/>\n<meta property=\"og:type\" content=\"article\" \/>\n<meta property=\"og:title\" content=\"Contact us | Laboratoire de recherche de Martine H\u00e9bert | UQAM\" \/>\n<meta property=\"og:description\" content=\"Martine H\u00e9bert&#8217;s research laboratory Email: labomartinehebert@uqam.ca Geographic addressD\u00e9partement de sexologieUniversit\u00e9 du Qu\u00e9bec \u00e0 Montr\u00e9al\u00a0455, Ren\u00e9 Levesque Est, local W-R110\u00a0Montr\u00e9al (Qu\u00e9bec)\u00a0 H2L 4Y2 Postal address D\u00e9partement de sexologieUniversit\u00e9 du Qu\u00e9bec \u00e0 Montr\u00e9alCase postale 8888, succursale Centre-villeMontr\u00e9al (Qu\u00e9bec) \u00a0H3C 3P8 Follow us on social networks \u00a0\u00a0\" \/>\n<meta property=\"og:url\" content=\"https:\/\/martinehebert.uqam.ca\/en\/nous-joindre\/\" \/>\n<meta property=\"og:site_name\" content=\"Laboratoire de recherche de Martine H\u00e9bert\" \/>\n<meta property=\"article:modified_time\" content=\"2024-03-18T17:01:42+00:00\" \/>\n<meta property=\"og:image\" content=\"https:\/\/martinehebert.uqam.ca\/wp-content\/uploads\/sites\/145\/352A1028-1.jpg\" \/>\n<meta name=\"twitter:card\" content=\"summary_large_image\" \/>\n<meta name=\"twitter:label1\" content=\"Est. reading time\" \/>\n\t<meta name=\"twitter:data1\" content=\"2 minutes\" \/>\n<script type=\"application\/ld+json\" class=\"yoast-schema-graph\">{\"@context\":\"https:\\\/\\\/schema.org\",\"@graph\":[{\"@type\":\"WebPage\",\"@id\":\"https:\\\/\\\/martinehebert.uqam.ca\\\/en\\\/nous-joindre\\\/\",\"url\":\"https:\\\/\\\/martinehebert.uqam.ca\\\/en\\\/nous-joindre\\\/\",\"name\":\"Contact us | Laboratoire de recherche de Martine H\u00e9bert | UQAM\",\"isPartOf\":{\"@id\":\"https:\\\/\\\/martinehebert.uqam.ca\\\/#website\"},\"primaryImageOfPage\":{\"@id\":\"https:\\\/\\\/martinehebert.uqam.ca\\\/en\\\/nous-joindre\\\/#primaryimage\"},\"image\":{\"@id\":\"https:\\\/\\\/martinehebert.uqam.ca\\\/en\\\/nous-joindre\\\/#primaryimage\"},\"thumbnailUrl\":\"https:\\\/\\\/martinehebert.uqam.ca\\\/wp-content\\\/uploads\\\/sites\\\/145\\\/352A1028-1.jpg\",\"datePublished\":\"2019-12-16T16:26:02+00:00\",\"dateModified\":\"2024-03-18T17:01:42+00:00\",\"breadcrumb\":{\"@id\":\"https:\\\/\\\/martinehebert.uqam.ca\\\/en\\\/nous-joindre\\\/#breadcrumb\"},\"inLanguage\":\"en-US\",\"potentialAction\":[{\"@type\":\"ReadAction\",\"target\":[\"https:\\\/\\\/martinehebert.uqam.ca\\\/en\\\/nous-joindre\\\/\"]}]},{\"@type\":\"ImageObject\",\"inLanguage\":\"en-US\",\"@id\":\"https:\\\/\\\/martinehebert.uqam.ca\\\/en\\\/nous-joindre\\\/#primaryimage\",\"url\":\"https:\\\/\\\/martinehebert.uqam.ca\\\/wp-content\\\/uploads\\\/sites\\\/145\\\/352A1028-1.jpg\",\"contentUrl\":\"https:\\\/\\\/martinehebert.uqam.ca\\\/wp-content\\\/uploads\\\/sites\\\/145\\\/352A1028-1.jpg\"},{\"@type\":\"BreadcrumbList\",\"@id\":\"https:\\\/\\\/martinehebert.uqam.ca\\\/en\\\/nous-joindre\\\/#breadcrumb\",\"itemListElement\":[{\"@type\":\"ListItem\",\"position\":1,\"name\":\"UQAM\",\"item\":\"https:\\\/\\\/uqam.ca\"},{\"@type\":\"ListItem\",\"position\":2,\"name\":\"Laboratoire de recherche de Martine H\u00e9bert\",\"item\":\"https:\\\/\\\/martinehebert.uqam.ca\\\/en\\\/\"},{\"@type\":\"ListItem\",\"position\":3,\"name\":\"Contact us\"}]},{\"@type\":\"WebSite\",\"@id\":\"https:\\\/\\\/martinehebert.uqam.ca\\\/#website\",\"url\":\"https:\\\/\\\/martinehebert.uqam.ca\\\/\",\"name\":\"Laboratoire de recherche de Martine H\u00e9bert\",\"description\":\"Laboratoire de recherche de Martine H\u00e9bert\",\"potentialAction\":[{\"@type\":\"SearchAction\",\"target\":{\"@type\":\"EntryPoint\",\"urlTemplate\":\"https:\\\/\\\/martinehebert.uqam.ca\\\/en\\\/\\\/recherche\\\/?q={search_term_string}\"},\"query-input\":{\"@type\":\"PropertyValueSpecification\",\"valueRequired\":true,\"valueName\":\"search_term_string\"}}],\"inLanguage\":\"en-US\"}]}<\/script>\n<!-- \/ Yoast SEO plugin. -->","yoast_head_json":{"title":"Contact us | Laboratoire de recherche de Martine H\u00e9bert | UQAM","robots":{"index":"index","follow":"follow","max-snippet":"max-snippet:-1","max-image-preview":"max-image-preview:large","max-video-preview":"max-video-preview:-1"},"canonical":"https:\/\/martinehebert.uqam.ca\/en\/nous-joindre\/","og_locale":"en_US","og_type":"article","og_title":"Contact us | Laboratoire de recherche de Martine H\u00e9bert | UQAM","og_description":"Martine H\u00e9bert&#8217;s research laboratory Email: labomartinehebert@uqam.ca Geographic addressD\u00e9partement de sexologieUniversit\u00e9 du Qu\u00e9bec \u00e0 Montr\u00e9al\u00a0455, Ren\u00e9 Levesque Est, local W-R110\u00a0Montr\u00e9al (Qu\u00e9bec)\u00a0 H2L 4Y2 Postal address D\u00e9partement de sexologieUniversit\u00e9 du Qu\u00e9bec \u00e0 Montr\u00e9alCase postale 8888, succursale Centre-villeMontr\u00e9al (Qu\u00e9bec) \u00a0H3C 3P8 Follow us on social networks \u00a0\u00a0","og_url":"https:\/\/martinehebert.uqam.ca\/en\/nous-joindre\/","og_site_name":"Laboratoire de recherche de Martine H\u00e9bert","article_modified_time":"2024-03-18T17:01:42+00:00","og_image":[{"url":"https:\/\/martinehebert.uqam.ca\/wp-content\/uploads\/sites\/145\/352A1028-1.jpg","type":"","width":"","height":""}],"twitter_card":"summary_large_image","twitter_misc":{"Est. reading time":"2 minutes"},"schema":{"@context":"https:\/\/schema.org","@graph":[{"@type":"WebPage","@id":"https:\/\/martinehebert.uqam.ca\/en\/nous-joindre\/","url":"https:\/\/martinehebert.uqam.ca\/en\/nous-joindre\/","name":"Contact us | Laboratoire de recherche de Martine H\u00e9bert | UQAM","isPartOf":{"@id":"https:\/\/martinehebert.uqam.ca\/#website"},"primaryImageOfPage":{"@id":"https:\/\/martinehebert.uqam.ca\/en\/nous-joindre\/#primaryimage"},"image":{"@id":"https:\/\/martinehebert.uqam.ca\/en\/nous-joindre\/#primaryimage"},"thumbnailUrl":"https:\/\/martinehebert.uqam.ca\/wp-content\/uploads\/sites\/145\/352A1028-1.jpg","datePublished":"2019-12-16T16:26:02+00:00","dateModified":"2024-03-18T17:01:42+00:00","breadcrumb":{"@id":"https:\/\/martinehebert.uqam.ca\/en\/nous-joindre\/#breadcrumb"},"inLanguage":"en-US","potentialAction":[{"@type":"ReadAction","target":["https:\/\/martinehebert.uqam.ca\/en\/nous-joindre\/"]}]},{"@type":"ImageObject","inLanguage":"en-US","@id":"https:\/\/martinehebert.uqam.ca\/en\/nous-joindre\/#primaryimage","url":"https:\/\/martinehebert.uqam.ca\/wp-content\/uploads\/sites\/145\/352A1028-1.jpg","contentUrl":"https:\/\/martinehebert.uqam.ca\/wp-content\/uploads\/sites\/145\/352A1028-1.jpg"},{"@type":"BreadcrumbList","@id":"https:\/\/martinehebert.uqam.ca\/en\/nous-joindre\/#breadcrumb","itemListElement":[{"@type":"ListItem","position":1,"name":"UQAM","item":"https:\/\/uqam.ca"},{"@type":"ListItem","position":2,"name":"Laboratoire de recherche de Martine H\u00e9bert","item":"https:\/\/martinehebert.uqam.ca\/en\/"},{"@type":"ListItem","position":3,"name":"Contact us"}]},{"@type":"WebSite","@id":"https:\/\/martinehebert.uqam.ca\/#website","url":"https:\/\/martinehebert.uqam.ca\/","name":"Laboratoire de recherche de Martine H\u00e9bert","description":"Laboratoire de recherche de Martine H\u00e9bert","potentialAction":[{"@type":"SearchAction","target":{"@type":"EntryPoint","urlTemplate":"https:\/\/martinehebert.uqam.ca\/en\/\/recherche\/?q={search_term_string}"},"query-input":{"@type":"PropertyValueSpecification","valueRequired":true,"valueName":"search_term_string"}}],"inLanguage":"en-US"}]}},"_links":{"self":[{"href":"https:\/\/martinehebert.uqam.ca\/en\/wp-json\/wp\/v2\/pages\/1440","targetHints":{"allow":["GET"]}}],"collection":[{"href":"https:\/\/martinehebert.uqam.ca\/en\/wp-json\/wp\/v2\/pages"}],"about":[{"href":"https:\/\/martinehebert.uqam.ca\/en\/wp-json\/wp\/v2\/types\/page"}],"author":[{"embeddable":true,"href":"https:\/\/martinehebert.uqam.ca\/en\/wp-json\/wp\/v2\/users\/576"}],"replies":[{"embeddable":true,"href":"https:\/\/martinehebert.uqam.ca\/en\/wp-json\/wp\/v2\/comments?post=1440"}],"version-history":[{"count":7,"href":"https:\/\/martinehebert.uqam.ca\/en\/wp-json\/wp\/v2\/pages\/1440\/revisions"}],"predecessor-version":[{"id":6612,"href":"https:\/\/martinehebert.uqam.ca\/en\/wp-json\/wp\/v2\/pages\/1440\/revisions\/6612"}],"wp:attachment":[{"href":"https:\/\/martinehebert.uqam.ca\/en\/wp-json\/wp\/v2\/media?parent=1440"}],"wp:term":[{"taxonomy":"category","embeddable":true,"href":"https:\/\/martinehebert.uqam.ca\/en\/wp-json\/wp\/v2\/categories?post=1440"}],"curies":[{"name":"wp","href":"https:\/\/api.w.org\/{rel}","templated":true}]}}