{"id":1458,"date":"2020-01-15T13:16:56","date_gmt":"2020-01-15T18:16:56","guid":{"rendered":"https:\/\/wwd-martinehebert.uqam.ca\/projets\/lanterne\/"},"modified":"2025-05-12T13:58:29","modified_gmt":"2025-05-12T17:58:29","slug":"lantern","status":"publish","type":"page","link":"https:\/\/martinehebert.uqam.ca\/en\/projets\/lantern\/","title":{"rendered":"Lantern Program Evaluation"},"content":{"rendered":"\n<figure class=\"wp-block-image size-full\"><img loading=\"lazy\" decoding=\"async\" width=\"4500\" height=\"1134\" src=\"https:\/\/martinehebert.uqam.ca\/wp-content\/uploads\/sites\/145\/bebe.jpg\" alt=\"\" class=\"wp-image-1342\" srcset=\"https:\/\/martinehebert.uqam.ca\/wp-content\/uploads\/sites\/145\/bebe.jpg 4500w, https:\/\/martinehebert.uqam.ca\/wp-content\/uploads\/sites\/145\/bebe-300x76.jpg 300w, https:\/\/martinehebert.uqam.ca\/wp-content\/uploads\/sites\/145\/bebe-768x194.jpg 768w, https:\/\/martinehebert.uqam.ca\/wp-content\/uploads\/sites\/145\/bebe-1024x258.jpg 1024w\" sizes=\"auto, (max-width: 4500px) 100vw, 4500px\" \/><\/figure>\n\n\n<p><span style=\"color: #000000\">Developed by the Marie-Vincent Foundation, the <em><a style=\"color: #000000\" href=\"http:\/\/marie-vincent.org\/en\/\" target=\"_blank\" rel=\"noreferrer noopener\" aria-label=\"Programme Lanterne \u2013 Faire la lumi\u00e8re sur l\u2019\u00e9ducation \u00e0 la sexualit\u00e9 saine et les relations \u00e9galitaires chez les tout-petits (s\u2019ouvre dans un nouvel onglet)\">Lantern Program \u2013 Protecting our young children from sexual violence<\/a><\/em><\/span>\u00a0is a sexual violence prevention program aimed at preschool-aged children and the adults in their lives. The Lantern program provides training and educative tools.<\/p>\n<p>The first phase of the evaluation was carried out using a mixed methods approach to document the first year of implementation of the program in educational and intervention settings (childcare centers, community centers, drop-in daycare) in Montreal and the Monteregie area.\u00a0The effects of the Lantern program training on participants&#8217; knowledge, beliefs and self-efficacy in relation to the prevention of sexual violence among preschool-aged children were assessed. The context in which the educative tools were used, as well as participants\u2019 perception of their role as a Lantern person in their educational and intervention settings was documented.<\/p>\n<p>A second phase of evaluation is currently underway, following a mixed design, to document the previously mentioned effects as well as the gains\u2019 sustainability over time. Furthermore, one aspect of the evaluation focuses on the Lantern community of practice, accessible to all trained professionals, in order to assess its relevance and appreciation according to the participants.<\/p>\n\n\n<p><strong>Dissemination tools<\/strong><br>Available in French only. <\/p>\n\n\n<div class=\"su-accordion su-u-trim\"> <div class=\"su-spoiler su-spoiler-style-default su-spoiler-icon-plus su-spoiler-closed\" data-scroll-offset=\"0\" data-anchor-in-url=\"no\"><div class=\"su-spoiler-title\" tabindex=\"0\" role=\"button\"><span class=\"su-spoiler-icon\"><\/span>Phase 1<\/div><div class=\"su-spoiler-content su-u-clearfix su-u-trim\">\n\n\n\n<ul class=\"wp-block-list\">\n<li><a href=\"https:\/\/cdn.marie-vincent.org\/wp-content\/uploads\/2020\/10\/Rapport-\u00e9valuation-Lanterne.pdf\" target=\"_blank\" rel=\"noreferrer noopener\">Rapport de l\u2019\u00e9valuation pilote du programme Lanterne : Faire la lumi\u00e8re sur l\u2019\u00e9ducation \u00e0 la sexualit\u00e9 saine et les relations \u00e9galitaires chez les tout-petits [Lantern program pilot evaluation report: Shedding light on healthy sexuality education and equal relationships for young children]<\/a><\/li>\n\n\n\n<li><a href=\"https:\/\/marie-vincent.org\/wp-content\/uploads\/2021\/02\/MV_Rapport-Lanterne-Awacic-VF.pdf\" target=\"_blank\" rel=\"noreferrer noopener\">Rapport de l\u2019\u00e9valuation pilote du programme Lanterne | Awacic : Faire la lumi\u00e8re sur l\u2019\u00e9ducation \u00e0 la sexualit\u00e9 saine et les relations respectueuses chez les tout-petits [Report on the pilot evaluation of the Lantern program | Awacic: Shedding light on healthy sexuality education and respectful relationships for young children]<\/a><\/li>\n\n\n\n<li><a href=\"https:\/\/marie-vincent.org\/wp-content\/uploads\/2024\/04\/CMV-Rapport-Lanterne-AUASS-2023-vf.pdf\" target=\"_blank\" rel=\"noreferrer noopener\">Rapport de l\u2019\u00e9valuation du Programme pilote Lanterne | Auass\u00a0: Faire la lumi\u00e8re sur l\u2019\u00e9ducation \u00e0 la sexualit\u00e9 saine et les relations respectueuses chez les tout-petits [Report on the evalution of the Lantern pilot program | Auass: Shedding light on healthy sexuality education and respectful relationships for young children]<\/a><\/li>\n<\/ul>\n\n\n<\/div><\/div> <div class=\"su-spoiler su-spoiler-style-default su-spoiler-icon-plus su-spoiler-closed\" data-scroll-offset=\"0\" data-anchor-in-url=\"no\"><div class=\"su-spoiler-title\" tabindex=\"0\" role=\"button\"><span class=\"su-spoiler-icon\"><\/span>Phase 2<\/div><div class=\"su-spoiler-content su-u-clearfix su-u-trim\">\n\n\n\n<h4 class=\"wp-block-heading\">Infographics<\/h4>\n\n\n\n<ul class=\"wp-block-list\">\n<li><a aria-label=\" (opens in a new tab)\" href=\"https:\/\/martinehebert.uqam.ca\/wp-content\/uploads\/sites\/145\/Lanterne-1.-Resultats-evaluation_-Communaute-de-pratique.pdf\" target=\"_blank\" rel=\"noreferrer noopener\" class=\"ek-link\">R\u00e9sultats de l\u2019\u00e9valuation : Communaut\u00e9 de pratique Lanterne [Evaluation results: Lanterne community of practice]<\/a><\/li>\n\n\n\n<li><a aria-label=\"R\u00e9sultats de l\u2019\u00e9valuation : Utilisation et effets de la formation Lanterne sur les professionnels (opens in a new tab)\" href=\"https:\/\/martinehebert.uqam.ca\/wp-content\/uploads\/sites\/145\/Lanterne-2.-Resultats-evaluation_-Utilisation_Effets-professionnels.pdf\" target=\"_blank\" rel=\"noreferrer noopener\" class=\"ek-link\">R\u00e9sultats de l\u2019\u00e9valuation : Utilisation et effets de la formation Lanterne sur les professionnels [Evaluation results: Use and effects of Lanterne training on professionals]<\/a><\/li>\n\n\n\n<li><a aria-label=\"R\u00e9sultats de l\u2019\u00e9valuation : Opinions des professionnels quant au programme Lanterne (opens in a new tab)\" href=\"https:\/\/martinehebert.uqam.ca\/wp-content\/uploads\/sites\/145\/Lanterne-3.-Resultats-evaluation_-Opinions-professionnels.pdf\" target=\"_blank\" rel=\"noreferrer noopener\" class=\"ek-link\">R\u00e9sultats de l\u2019\u00e9valuation : Opinions des professionnels quant au programme Lanterne [Evaluation results: Professionals&#8217; opinions of the Lanterne program]<\/a><\/li>\n\n\n\n<li><a aria-label=\"R\u00e9sultats de l\u2019\u00e9valuation : Opinion des parents (opens in a new tab)\" class=\"ek-link\" href=\"https:\/\/martinehebert.uqam.ca\/wp-content\/uploads\/sites\/145\/Lanterne-4.-Resultats-evaluation_-Opinion-parents.pdf\" target=\"_blank\" rel=\"noreferrer noopener\">R\u00e9sultats de l\u2019\u00e9valuation : Opinion des parents [Evaluation results: Parents&#8217; opinions]<\/a><\/li>\n<\/ul>\n\n\n\n<h4 class=\"wp-block-heading\">Reports<\/h4>\n\n\n\n<ul class=\"wp-block-list\">\n<li><a href=\"https:\/\/archipel.uqam.ca\/18058\/\" target=\"_blank\" rel=\"noreferrer noopener\">Former les professionnel\u2219les en pr\u00e9vention des agressions sexuelles dans l&#8217;enfance : une \u00e9valuation mixte du programme Lanterne (M\u00e9moire de ma\u00eetrise) [Training professionals\u2219les in childhood sexual abuse prevention: A mixed evaluation of the Lanterne program (Master&#8217;s thesis)]<\/a><\/li>\n\n\n\n<li><a href=\"https:\/\/martinehebert.uqam.ca\/wp-content\/uploads\/sites\/145\/Rapport-Lanterne-Phase-2.pdf\" target=\"_blank\" rel=\"noreferrer noopener\">Rapport de la seconde phase d\u2019\u00e9valuation du programme Lanterne : Faire la lumi\u00e8re sur l\u2019\u00e9ducation \u00e0 la sexualit\u00e9 et la promotion des relations \u00e9galitaires chez les tout-petits [Report on the second phase of the Lanterne program evaluation: Shedding light on sexuality education and the promotion of egalitarian relationships among toddlers]<\/a><\/li>\n<\/ul>\n\n\n<\/div><\/div><\/div>\n\n\n\n<div style=\"height:20px\" aria-hidden=\"true\" class=\"wp-block-spacer\"><\/div>\n\n\n\n<p style=\"font-size:18px\"><strong>Funding<\/strong><\/p>\n\n\n\n<figure class=\"wp-block-image size-full is-resized\"><img loading=\"lazy\" decoding=\"async\" width=\"636\" height=\"142\" src=\"https:\/\/martinehebert.uqam.ca\/wp-content\/uploads\/sites\/145\/avenirdenfants2.jpg\" alt=\"\" class=\"wp-image-1019\" style=\"width:254px;height:56px\" srcset=\"https:\/\/martinehebert.uqam.ca\/wp-content\/uploads\/sites\/145\/avenirdenfants2.jpg 636w, https:\/\/martinehebert.uqam.ca\/wp-content\/uploads\/sites\/145\/avenirdenfants2-300x67.jpg 300w\" sizes=\"auto, (max-width: 636px) 100vw, 636px\" \/><\/figure>\n\n\n\n<div style=\"height:20px\" aria-hidden=\"true\" class=\"wp-block-spacer\"><\/div>\n\n\n<div class=\"wp-block-image\">\n<figure class=\"alignright size-full\"><img loading=\"lazy\" decoding=\"async\" width=\"283\" height=\"378\" src=\"https:\/\/martinehebert.uqam.ca\/wp-content\/uploads\/sites\/145\/Bonhomme-Lanterne-sans-fond-blanc.png\" alt=\"\" class=\"wp-image-375\" style=\"object-fit:cover\" srcset=\"https:\/\/martinehebert.uqam.ca\/wp-content\/uploads\/sites\/145\/Bonhomme-Lanterne-sans-fond-blanc.png 283w, https:\/\/martinehebert.uqam.ca\/wp-content\/uploads\/sites\/145\/Bonhomme-Lanterne-sans-fond-blanc-225x300.png 225w\" sizes=\"auto, (max-width: 283px) 100vw, 283px\" \/><\/figure>\n<\/div>\n\n\n<p style=\"font-size:18px\"><strong>For information<\/strong><\/p>\n\n\n\n<p>P\u00e9n\u00e9lope Allard-Cobetto, M.A.<br>Evaluation coordinator, UQAM <br><a href=\"mailto:allard-cobetto.penelope@uqam.ca\" target=\"_blank\" rel=\"noreferrer noopener\">allard-cobetto.penelope@uqam.ca<\/a><\/p>\n\n\n\n<p style=\"font-size:18px\"><strong>Team Members<\/strong><\/p>\n\n\n\n<p style=\"font-size:18px\"><strong>Principal Investigator<\/strong><\/p>\n\n\n\n<p>Martine H\u00e9bert, Ph.D.<br>Full Professor, UQAM<br><a href=\"mailto:hebert.m@uqam.ca\" target=\"_blank\" rel=\"noreferrer noopener\">hebert.m@uqam.ca<\/a><\/p>\n\n\n\n<p style=\"font-size:18px\"><strong>Co-researchers<\/strong><\/p>\n\n\n\n<p>Jacinthe Dion, Ph.D.<br>Full Professor, UQAC<br><a href=\"mailto:jacinthe.dion@uqac.ca\" target=\"_blank\" rel=\"noreferrer noopener\">jacinthe.dion@uqac.ca<\/a> <br><br>Mireille Cyr, Ph.D.<br>Retired Professor,&nbsp;UdeM<br><a href=\"mailto:mireille.cyr@umontreal.ca\" target=\"_blank\" rel=\"noreferrer noopener\">mireille.cyr@umontreal.ca<\/a><\/p>\n\n\n\n<p class=\"has-text-align-right\"><sup>Photography credit&nbsp;: Genevi\u00e8ve Beaupr\u00e9<br>Illustrations&nbsp;credit : Genevi\u00e8ve Despr\u00e9s <\/sup><\/p>\n","protected":false},"excerpt":{"rendered":"<p>Developed by the Marie-Vincent Foundation, the Lantern Program \u2013 Protecting our young children from sexual violence\u00a0is a sexual violence prevention program aimed at preschool-aged children and the adults in their lives. The Lantern program provides training and educative tools. The first phase of the evaluation was carried out using a mixed methods approach to document [&hellip;]<\/p>\n","protected":false},"author":580,"featured_media":0,"parent":1452,"menu_order":6,"comment_status":"closed","ping_status":"closed","template":"","meta":{"_editorskit_title_hidden":false,"_editorskit_reading_time":2,"_editorskit_is_block_options_detached":false,"_editorskit_block_options_position":"{}","footnotes":""},"categories":[],"class_list":["post-1458","page","type-page","status-publish","hentry"],"yoast_head":"<!-- This site is optimized with the Yoast SEO plugin v27.5 - https:\/\/yoast.com\/product\/yoast-seo-wordpress\/ -->\n<title>Lantern Program Evaluation | Laboratoire de recherche de Martine H\u00e9bert | UQAM<\/title>\n<meta name=\"robots\" content=\"index, follow, max-snippet:-1, max-image-preview:large, max-video-preview:-1\" \/>\n<link rel=\"canonical\" href=\"https:\/\/martinehebert.uqam.ca\/en\/projets\/lantern\/\" \/>\n<meta property=\"og:locale\" content=\"en_US\" \/>\n<meta property=\"og:type\" content=\"article\" \/>\n<meta property=\"og:title\" content=\"Lantern Program Evaluation | Laboratoire de recherche de Martine H\u00e9bert | UQAM\" \/>\n<meta property=\"og:description\" content=\"Developed by the Marie-Vincent Foundation, the Lantern Program \u2013 Protecting our young children from sexual violence\u00a0is a sexual violence prevention program aimed at preschool-aged children and the adults in their lives. The Lantern program provides training and educative tools. The first phase of the evaluation was carried out using a mixed methods approach to document [&hellip;]\" \/>\n<meta property=\"og:url\" content=\"https:\/\/martinehebert.uqam.ca\/en\/projets\/lantern\/\" \/>\n<meta property=\"og:site_name\" content=\"Laboratoire de recherche de Martine H\u00e9bert\" \/>\n<meta property=\"article:modified_time\" content=\"2025-05-12T17:58:29+00:00\" \/>\n<meta property=\"og:image\" content=\"https:\/\/martinehebert.uqam.ca\/wp-content\/uploads\/sites\/145\/bebe.jpg\" \/>\n\t<meta property=\"og:image:width\" content=\"4500\" \/>\n\t<meta property=\"og:image:height\" content=\"1134\" \/>\n\t<meta property=\"og:image:type\" content=\"image\/jpeg\" \/>\n<meta name=\"twitter:card\" content=\"summary_large_image\" \/>\n<meta name=\"twitter:label1\" content=\"Est. reading time\" \/>\n\t<meta name=\"twitter:data1\" content=\"3 minutes\" \/>\n<script type=\"application\/ld+json\" class=\"yoast-schema-graph\">{\"@context\":\"https:\\\/\\\/schema.org\",\"@graph\":[{\"@type\":\"WebPage\",\"@id\":\"https:\\\/\\\/martinehebert.uqam.ca\\\/en\\\/projets\\\/lantern\\\/\",\"url\":\"https:\\\/\\\/martinehebert.uqam.ca\\\/en\\\/projets\\\/lantern\\\/\",\"name\":\"Lantern Program Evaluation | Laboratoire de recherche de Martine H\u00e9bert | UQAM\",\"isPartOf\":{\"@id\":\"https:\\\/\\\/martinehebert.uqam.ca\\\/#website\"},\"primaryImageOfPage\":{\"@id\":\"https:\\\/\\\/martinehebert.uqam.ca\\\/en\\\/projets\\\/lantern\\\/#primaryimage\"},\"image\":{\"@id\":\"https:\\\/\\\/martinehebert.uqam.ca\\\/en\\\/projets\\\/lantern\\\/#primaryimage\"},\"thumbnailUrl\":\"https:\\\/\\\/martinehebert.uqam.ca\\\/wp-content\\\/uploads\\\/sites\\\/145\\\/bebe.jpg\",\"datePublished\":\"2020-01-15T18:16:56+00:00\",\"dateModified\":\"2025-05-12T17:58:29+00:00\",\"breadcrumb\":{\"@id\":\"https:\\\/\\\/martinehebert.uqam.ca\\\/en\\\/projets\\\/lantern\\\/#breadcrumb\"},\"inLanguage\":\"en-US\",\"potentialAction\":[{\"@type\":\"ReadAction\",\"target\":[\"https:\\\/\\\/martinehebert.uqam.ca\\\/en\\\/projets\\\/lantern\\\/\"]}]},{\"@type\":\"ImageObject\",\"inLanguage\":\"en-US\",\"@id\":\"https:\\\/\\\/martinehebert.uqam.ca\\\/en\\\/projets\\\/lantern\\\/#primaryimage\",\"url\":\"https:\\\/\\\/martinehebert.uqam.ca\\\/wp-content\\\/uploads\\\/sites\\\/145\\\/bebe.jpg\",\"contentUrl\":\"https:\\\/\\\/martinehebert.uqam.ca\\\/wp-content\\\/uploads\\\/sites\\\/145\\\/bebe.jpg\"},{\"@type\":\"BreadcrumbList\",\"@id\":\"https:\\\/\\\/martinehebert.uqam.ca\\\/en\\\/projets\\\/lantern\\\/#breadcrumb\",\"itemListElement\":[{\"@type\":\"ListItem\",\"position\":1,\"name\":\"UQAM\",\"item\":\"https:\\\/\\\/uqam.ca\"},{\"@type\":\"ListItem\",\"position\":2,\"name\":\"Laboratoire de recherche de Martine H\u00e9bert\",\"item\":\"https:\\\/\\\/martinehebert.uqam.ca\\\/en\\\/\"},{\"@type\":\"ListItem\",\"position\":3,\"name\":\"Research projects\",\"item\":\"https:\\\/\\\/martinehebert.uqam.ca\\\/en\\\/projets\\\/\"},{\"@type\":\"ListItem\",\"position\":4,\"name\":\"Lantern Program Evaluation\"}]},{\"@type\":\"WebSite\",\"@id\":\"https:\\\/\\\/martinehebert.uqam.ca\\\/#website\",\"url\":\"https:\\\/\\\/martinehebert.uqam.ca\\\/\",\"name\":\"Laboratoire de recherche de Martine H\u00e9bert\",\"description\":\"Laboratoire de recherche de Martine H\u00e9bert\",\"potentialAction\":[{\"@type\":\"SearchAction\",\"target\":{\"@type\":\"EntryPoint\",\"urlTemplate\":\"https:\\\/\\\/martinehebert.uqam.ca\\\/en\\\/\\\/recherche\\\/?q={search_term_string}\"},\"query-input\":{\"@type\":\"PropertyValueSpecification\",\"valueRequired\":true,\"valueName\":\"search_term_string\"}}],\"inLanguage\":\"en-US\"}]}<\/script>\n<!-- \/ Yoast SEO plugin. -->","yoast_head_json":{"title":"Lantern Program Evaluation | Laboratoire de recherche de Martine H\u00e9bert | UQAM","robots":{"index":"index","follow":"follow","max-snippet":"max-snippet:-1","max-image-preview":"max-image-preview:large","max-video-preview":"max-video-preview:-1"},"canonical":"https:\/\/martinehebert.uqam.ca\/en\/projets\/lantern\/","og_locale":"en_US","og_type":"article","og_title":"Lantern Program Evaluation | Laboratoire de recherche de Martine H\u00e9bert | UQAM","og_description":"Developed by the Marie-Vincent Foundation, the Lantern Program \u2013 Protecting our young children from sexual violence\u00a0is a sexual violence prevention program aimed at preschool-aged children and the adults in their lives. The Lantern program provides training and educative tools. The first phase of the evaluation was carried out using a mixed methods approach to document [&hellip;]","og_url":"https:\/\/martinehebert.uqam.ca\/en\/projets\/lantern\/","og_site_name":"Laboratoire de recherche de Martine H\u00e9bert","article_modified_time":"2025-05-12T17:58:29+00:00","og_image":[{"width":4500,"height":1134,"url":"https:\/\/martinehebert.uqam.ca\/wp-content\/uploads\/sites\/145\/bebe.jpg","type":"image\/jpeg"}],"twitter_card":"summary_large_image","twitter_misc":{"Est. reading time":"3 minutes"},"schema":{"@context":"https:\/\/schema.org","@graph":[{"@type":"WebPage","@id":"https:\/\/martinehebert.uqam.ca\/en\/projets\/lantern\/","url":"https:\/\/martinehebert.uqam.ca\/en\/projets\/lantern\/","name":"Lantern Program Evaluation | Laboratoire de recherche de Martine H\u00e9bert | UQAM","isPartOf":{"@id":"https:\/\/martinehebert.uqam.ca\/#website"},"primaryImageOfPage":{"@id":"https:\/\/martinehebert.uqam.ca\/en\/projets\/lantern\/#primaryimage"},"image":{"@id":"https:\/\/martinehebert.uqam.ca\/en\/projets\/lantern\/#primaryimage"},"thumbnailUrl":"https:\/\/martinehebert.uqam.ca\/wp-content\/uploads\/sites\/145\/bebe.jpg","datePublished":"2020-01-15T18:16:56+00:00","dateModified":"2025-05-12T17:58:29+00:00","breadcrumb":{"@id":"https:\/\/martinehebert.uqam.ca\/en\/projets\/lantern\/#breadcrumb"},"inLanguage":"en-US","potentialAction":[{"@type":"ReadAction","target":["https:\/\/martinehebert.uqam.ca\/en\/projets\/lantern\/"]}]},{"@type":"ImageObject","inLanguage":"en-US","@id":"https:\/\/martinehebert.uqam.ca\/en\/projets\/lantern\/#primaryimage","url":"https:\/\/martinehebert.uqam.ca\/wp-content\/uploads\/sites\/145\/bebe.jpg","contentUrl":"https:\/\/martinehebert.uqam.ca\/wp-content\/uploads\/sites\/145\/bebe.jpg"},{"@type":"BreadcrumbList","@id":"https:\/\/martinehebert.uqam.ca\/en\/projets\/lantern\/#breadcrumb","itemListElement":[{"@type":"ListItem","position":1,"name":"UQAM","item":"https:\/\/uqam.ca"},{"@type":"ListItem","position":2,"name":"Laboratoire de recherche de Martine H\u00e9bert","item":"https:\/\/martinehebert.uqam.ca\/en\/"},{"@type":"ListItem","position":3,"name":"Research projects","item":"https:\/\/martinehebert.uqam.ca\/en\/projets\/"},{"@type":"ListItem","position":4,"name":"Lantern Program Evaluation"}]},{"@type":"WebSite","@id":"https:\/\/martinehebert.uqam.ca\/#website","url":"https:\/\/martinehebert.uqam.ca\/","name":"Laboratoire de recherche de Martine H\u00e9bert","description":"Laboratoire de recherche de Martine H\u00e9bert","potentialAction":[{"@type":"SearchAction","target":{"@type":"EntryPoint","urlTemplate":"https:\/\/martinehebert.uqam.ca\/en\/\/recherche\/?q={search_term_string}"},"query-input":{"@type":"PropertyValueSpecification","valueRequired":true,"valueName":"search_term_string"}}],"inLanguage":"en-US"}]}},"_links":{"self":[{"href":"https:\/\/martinehebert.uqam.ca\/en\/wp-json\/wp\/v2\/pages\/1458","targetHints":{"allow":["GET"]}}],"collection":[{"href":"https:\/\/martinehebert.uqam.ca\/en\/wp-json\/wp\/v2\/pages"}],"about":[{"href":"https:\/\/martinehebert.uqam.ca\/en\/wp-json\/wp\/v2\/types\/page"}],"author":[{"embeddable":true,"href":"https:\/\/martinehebert.uqam.ca\/en\/wp-json\/wp\/v2\/users\/580"}],"replies":[{"embeddable":true,"href":"https:\/\/martinehebert.uqam.ca\/en\/wp-json\/wp\/v2\/comments?post=1458"}],"version-history":[{"count":10,"href":"https:\/\/martinehebert.uqam.ca\/en\/wp-json\/wp\/v2\/pages\/1458\/revisions"}],"predecessor-version":[{"id":7243,"href":"https:\/\/martinehebert.uqam.ca\/en\/wp-json\/wp\/v2\/pages\/1458\/revisions\/7243"}],"up":[{"embeddable":true,"href":"https:\/\/martinehebert.uqam.ca\/en\/wp-json\/wp\/v2\/pages\/1452"}],"wp:attachment":[{"href":"https:\/\/martinehebert.uqam.ca\/en\/wp-json\/wp\/v2\/media?parent=1458"}],"wp:term":[{"taxonomy":"category","embeddable":true,"href":"https:\/\/martinehebert.uqam.ca\/en\/wp-json\/wp\/v2\/categories?post=1458"}],"curies":[{"name":"wp","href":"https:\/\/api.w.org\/{rel}","templated":true}]}}