{"id":1460,"date":"2020-01-15T13:19:37","date_gmt":"2020-01-15T18:19:37","guid":{"rendered":"https:\/\/wwd-martinehebert.uqam.ca\/projets\/autres-projets\/"},"modified":"2024-03-12T15:01:53","modified_gmt":"2024-03-12T19:01:53","slug":"autres-projets","status":"publish","type":"page","link":"https:\/\/martinehebert.uqam.ca\/en\/projets\/autres-projets\/","title":{"rendered":"Collaboration with other projects"},"content":{"rendered":"\n<figure class=\"wp-block-image size-full\"><img loading=\"lazy\" decoding=\"async\" width=\"1190\" height=\"300\" src=\"https:\/\/martinehebert.uqam.ca\/wp-content\/uploads\/sites\/145\/Fotolia_6343469_M.jpg\" alt=\"\" class=\"wp-image-1248\" style=\"object-fit:cover\" srcset=\"https:\/\/martinehebert.uqam.ca\/wp-content\/uploads\/sites\/145\/Fotolia_6343469_M.jpg 1190w, https:\/\/martinehebert.uqam.ca\/wp-content\/uploads\/sites\/145\/Fotolia_6343469_M-300x76.jpg 300w, https:\/\/martinehebert.uqam.ca\/wp-content\/uploads\/sites\/145\/Fotolia_6343469_M-768x194.jpg 768w, https:\/\/martinehebert.uqam.ca\/wp-content\/uploads\/sites\/145\/Fotolia_6343469_M-1024x258.jpg 1024w\" sizes=\"auto, (max-width: 1190px) 100vw, 1190px\" \/><\/figure>\n\n\n\n<p><\/p>\n\n\n\n<ul class=\"wp-block-list\">\n<li><em>Trajectories of intimate relationships and sexual health from adolescence to early adulthood<\/em> (2022-2027)<br>Principal investigators : Sophie Bergeron, Jacinthe Dion<br>Canadian Institutes of Health Research (CIHR) &#8211; Project<\/li>\n\n\n\n<li><em>Kaskinomatasowin&nbsp;: Pr\u00e9vention et sensibilisation en mati\u00e8re de violence sexuelle<\/em> (2022-2026)<br>Principal investigator : Jacinthe Dion<br>Public Health Agency of Canada (PHAC) &#8211; Preventing and Addressing Family Violence &#8211; the Health Perspective<\/li>\n\n\n\n<li><em>Intergenerational continuity of reported child maltreatment: Epidemiological study of the prevalence and health-related risk factors<\/em> (2022-2026)<br>Principal investigator : Rachel Langevin<br>Canadian Institutes of Health Research (CIHR) &#8211; Project<\/li>\n\n\n\n<li><em>Pr\u00e9venir la violence sexuelle aupr\u00e8s d\u2019enfants et d\u2019adolescents des Premi\u00e8res Nations en milieu autochtone et urbain<\/em> (2022-2026)<br>Principal investigator : Jacinthe Dion<br>Secr\u00e9tariat condition f\u00e9minine Qu\u00e9bec<\/li>\n\n\n\n<li><em>Allier cannabis et sexualit\u00e9 chez les jeunes&nbsp;: r\u00e9duire les risques tout en optimisant le plaisir<\/em> (2022-2025)<br>Principal investigator : Mathieu Goyette<br>Fonds de recherche du Qu\u00e9bec &#8211; Soci\u00e9t\u00e9 et culture (FRQSC) &#8211; Actions concert\u00e9es \/ Programme de recherche sur le cannabis \/ Projet de recherche-action<\/li>\n\n\n\n<li><em>Projet Sentinelles<\/em> (2022-2024)<br>Principal investigator : Myl\u00e8ne Fernet<br>Minist\u00e8re de l\u2019enseignement sup\u00e9rieur<\/li>\n\n\n\n<li><em>A multi-site, prospective study of the role of emotional competence in (mal)adaptive functioning among university students exposed to sexual violence<\/em> (2021-2026)<br>Principal investigator : Nathalie Fontaine<br>Social Sciences and Humanities Research Council (SSHRC) &#8211; Insight<\/li>\n\n\n\n<li><em>Conflict resolution processes and dating violence in adolescent dating relationships: A daily dyadic investigation<\/em> (2021-2025)<br>Principal investigator : Alison Paradis<br>Social Sciences and Humanities Research Council (SSHRC) &#8211; Insight<\/li>\n\n\n\n<li><em>Provincial collective on male victims of childhood interpersonal trauma<\/em> (2021-2024)<br>Principal investigator : Natacha Godbout<br>Social Sciences and Humanities Research Council (SSHRC) &#8211; Partnership Development&nbsp;<\/li>\n\n\n\n<li><em>Canadian Consortium on Child Trauma and Trauma-Informed Care: Developing cohesive intersectoral practices and policies to support trauma-impacted children and youth<\/em> (2020-2027)<br>Principal investigator : Delphine Collin-V\u00e9zina<br>Social Sciences and Humanities Research Council (SSHRC) &#8211; Partnership<\/li>\n\n\n\n<li><em>A longitudinal dyadic investigation of the role of interpersonal trauma and couple relationships on parents&#8217; mental health and child adjustment<\/em> (2020-2025)<br>Principal investigators : Natacha Godbout, Alison Paradis<br>Canadian Institutes of Health Research (CIHR) &#8211; Project<\/li>\n\n\n\n<li><em>International Research Network On Violence and Integrity in Sport (IRNOVIS)<\/em> (2020-2025)<br>Principal investigator : Tine Vertommen<br>Research Foundation &#8211; Flanders (FWO) &#8211; Scientific Research Network program<\/li>\n\n\n\n<li><em>Cognitive organization of maltreatment memories as a key moderator of the association between child maltreatment and mental health in early adulthood<\/em> (2020-2024)<br>Principal investigator : Frederick L. Philippe   <br>Canadian Institutes of Health Research (CIHR) &#8211; Project<\/li>\n\n\n\n<li><em>Ga\u00efa Project: Intervention program for adolescents who have engaged in sexual abuse and their families<\/em> (2019-2024)<br>Principal investigator  : Monique Tardif<br>Canadian Institutes of Health Research (CIHR) &#8211; Project<\/li>\n<\/ul>\n\n\n\n<p><\/p>\n","protected":false},"excerpt":{"rendered":"","protected":false},"author":580,"featured_media":0,"parent":1452,"menu_order":8,"comment_status":"closed","ping_status":"closed","template":"","meta":{"_editorskit_title_hidden":false,"_editorskit_reading_time":2,"_editorskit_is_block_options_detached":false,"_editorskit_block_options_position":"{}","footnotes":""},"categories":[],"class_list":["post-1460","page","type-page","status-publish","hentry"],"yoast_head":"<!-- This site is optimized with the Yoast SEO plugin v27.5 - https:\/\/yoast.com\/product\/yoast-seo-wordpress\/ -->\n<title>Collaboration with other projects | Laboratoire de recherche de Martine H\u00e9bert | UQAM<\/title>\n<meta name=\"robots\" content=\"index, follow, max-snippet:-1, max-image-preview:large, max-video-preview:-1\" \/>\n<link rel=\"canonical\" href=\"https:\/\/martinehebert.uqam.ca\/en\/projets\/autres-projets\/\" \/>\n<meta property=\"og:locale\" content=\"en_US\" \/>\n<meta property=\"og:type\" content=\"article\" \/>\n<meta property=\"og:title\" content=\"Collaboration with other projects | Laboratoire de recherche de Martine H\u00e9bert | UQAM\" \/>\n<meta property=\"og:url\" content=\"https:\/\/martinehebert.uqam.ca\/en\/projets\/autres-projets\/\" \/>\n<meta property=\"og:site_name\" content=\"Laboratoire de recherche de Martine H\u00e9bert\" \/>\n<meta property=\"article:modified_time\" content=\"2024-03-12T19:01:53+00:00\" \/>\n<meta property=\"og:image\" content=\"https:\/\/martinehebert.uqam.ca\/wp-content\/uploads\/sites\/145\/Fotolia_6343469_M.jpg\" \/>\n<meta name=\"twitter:card\" content=\"summary_large_image\" \/>\n<meta name=\"twitter:label1\" content=\"Est. reading time\" \/>\n\t<meta name=\"twitter:data1\" content=\"3 minutes\" \/>\n<script type=\"application\/ld+json\" class=\"yoast-schema-graph\">{\"@context\":\"https:\\\/\\\/schema.org\",\"@graph\":[{\"@type\":\"WebPage\",\"@id\":\"https:\\\/\\\/martinehebert.uqam.ca\\\/en\\\/projets\\\/autres-projets\\\/\",\"url\":\"https:\\\/\\\/martinehebert.uqam.ca\\\/en\\\/projets\\\/autres-projets\\\/\",\"name\":\"Collaboration with other projects | Laboratoire de recherche de Martine H\u00e9bert | UQAM\",\"isPartOf\":{\"@id\":\"https:\\\/\\\/martinehebert.uqam.ca\\\/#website\"},\"primaryImageOfPage\":{\"@id\":\"https:\\\/\\\/martinehebert.uqam.ca\\\/en\\\/projets\\\/autres-projets\\\/#primaryimage\"},\"image\":{\"@id\":\"https:\\\/\\\/martinehebert.uqam.ca\\\/en\\\/projets\\\/autres-projets\\\/#primaryimage\"},\"thumbnailUrl\":\"https:\\\/\\\/martinehebert.uqam.ca\\\/wp-content\\\/uploads\\\/sites\\\/145\\\/Fotolia_6343469_M.jpg\",\"datePublished\":\"2020-01-15T18:19:37+00:00\",\"dateModified\":\"2024-03-12T19:01:53+00:00\",\"breadcrumb\":{\"@id\":\"https:\\\/\\\/martinehebert.uqam.ca\\\/en\\\/projets\\\/autres-projets\\\/#breadcrumb\"},\"inLanguage\":\"en-US\",\"potentialAction\":[{\"@type\":\"ReadAction\",\"target\":[\"https:\\\/\\\/martinehebert.uqam.ca\\\/en\\\/projets\\\/autres-projets\\\/\"]}]},{\"@type\":\"ImageObject\",\"inLanguage\":\"en-US\",\"@id\":\"https:\\\/\\\/martinehebert.uqam.ca\\\/en\\\/projets\\\/autres-projets\\\/#primaryimage\",\"url\":\"https:\\\/\\\/martinehebert.uqam.ca\\\/wp-content\\\/uploads\\\/sites\\\/145\\\/Fotolia_6343469_M.jpg\",\"contentUrl\":\"https:\\\/\\\/martinehebert.uqam.ca\\\/wp-content\\\/uploads\\\/sites\\\/145\\\/Fotolia_6343469_M.jpg\"},{\"@type\":\"BreadcrumbList\",\"@id\":\"https:\\\/\\\/martinehebert.uqam.ca\\\/en\\\/projets\\\/autres-projets\\\/#breadcrumb\",\"itemListElement\":[{\"@type\":\"ListItem\",\"position\":1,\"name\":\"UQAM\",\"item\":\"https:\\\/\\\/uqam.ca\"},{\"@type\":\"ListItem\",\"position\":2,\"name\":\"Laboratoire de recherche de Martine H\u00e9bert\",\"item\":\"https:\\\/\\\/martinehebert.uqam.ca\\\/en\\\/\"},{\"@type\":\"ListItem\",\"position\":3,\"name\":\"Research projects\",\"item\":\"https:\\\/\\\/martinehebert.uqam.ca\\\/en\\\/projets\\\/\"},{\"@type\":\"ListItem\",\"position\":4,\"name\":\"Collaboration with other projects\"}]},{\"@type\":\"WebSite\",\"@id\":\"https:\\\/\\\/martinehebert.uqam.ca\\\/#website\",\"url\":\"https:\\\/\\\/martinehebert.uqam.ca\\\/\",\"name\":\"Laboratoire de recherche de Martine H\u00e9bert\",\"description\":\"Laboratoire de recherche de Martine H\u00e9bert\",\"potentialAction\":[{\"@type\":\"SearchAction\",\"target\":{\"@type\":\"EntryPoint\",\"urlTemplate\":\"https:\\\/\\\/martinehebert.uqam.ca\\\/en\\\/\\\/recherche\\\/?q={search_term_string}\"},\"query-input\":{\"@type\":\"PropertyValueSpecification\",\"valueRequired\":true,\"valueName\":\"search_term_string\"}}],\"inLanguage\":\"en-US\"}]}<\/script>\n<!-- \/ Yoast SEO plugin. -->","yoast_head_json":{"title":"Collaboration with other projects | Laboratoire de recherche de Martine H\u00e9bert | UQAM","robots":{"index":"index","follow":"follow","max-snippet":"max-snippet:-1","max-image-preview":"max-image-preview:large","max-video-preview":"max-video-preview:-1"},"canonical":"https:\/\/martinehebert.uqam.ca\/en\/projets\/autres-projets\/","og_locale":"en_US","og_type":"article","og_title":"Collaboration with other projects | Laboratoire de recherche de Martine H\u00e9bert | UQAM","og_url":"https:\/\/martinehebert.uqam.ca\/en\/projets\/autres-projets\/","og_site_name":"Laboratoire de recherche de Martine H\u00e9bert","article_modified_time":"2024-03-12T19:01:53+00:00","og_image":[{"url":"https:\/\/martinehebert.uqam.ca\/wp-content\/uploads\/sites\/145\/Fotolia_6343469_M.jpg","type":"","width":"","height":""}],"twitter_card":"summary_large_image","twitter_misc":{"Est. reading time":"3 minutes"},"schema":{"@context":"https:\/\/schema.org","@graph":[{"@type":"WebPage","@id":"https:\/\/martinehebert.uqam.ca\/en\/projets\/autres-projets\/","url":"https:\/\/martinehebert.uqam.ca\/en\/projets\/autres-projets\/","name":"Collaboration with other projects | Laboratoire de recherche de Martine H\u00e9bert | UQAM","isPartOf":{"@id":"https:\/\/martinehebert.uqam.ca\/#website"},"primaryImageOfPage":{"@id":"https:\/\/martinehebert.uqam.ca\/en\/projets\/autres-projets\/#primaryimage"},"image":{"@id":"https:\/\/martinehebert.uqam.ca\/en\/projets\/autres-projets\/#primaryimage"},"thumbnailUrl":"https:\/\/martinehebert.uqam.ca\/wp-content\/uploads\/sites\/145\/Fotolia_6343469_M.jpg","datePublished":"2020-01-15T18:19:37+00:00","dateModified":"2024-03-12T19:01:53+00:00","breadcrumb":{"@id":"https:\/\/martinehebert.uqam.ca\/en\/projets\/autres-projets\/#breadcrumb"},"inLanguage":"en-US","potentialAction":[{"@type":"ReadAction","target":["https:\/\/martinehebert.uqam.ca\/en\/projets\/autres-projets\/"]}]},{"@type":"ImageObject","inLanguage":"en-US","@id":"https:\/\/martinehebert.uqam.ca\/en\/projets\/autres-projets\/#primaryimage","url":"https:\/\/martinehebert.uqam.ca\/wp-content\/uploads\/sites\/145\/Fotolia_6343469_M.jpg","contentUrl":"https:\/\/martinehebert.uqam.ca\/wp-content\/uploads\/sites\/145\/Fotolia_6343469_M.jpg"},{"@type":"BreadcrumbList","@id":"https:\/\/martinehebert.uqam.ca\/en\/projets\/autres-projets\/#breadcrumb","itemListElement":[{"@type":"ListItem","position":1,"name":"UQAM","item":"https:\/\/uqam.ca"},{"@type":"ListItem","position":2,"name":"Laboratoire de recherche de Martine H\u00e9bert","item":"https:\/\/martinehebert.uqam.ca\/en\/"},{"@type":"ListItem","position":3,"name":"Research projects","item":"https:\/\/martinehebert.uqam.ca\/en\/projets\/"},{"@type":"ListItem","position":4,"name":"Collaboration with other projects"}]},{"@type":"WebSite","@id":"https:\/\/martinehebert.uqam.ca\/#website","url":"https:\/\/martinehebert.uqam.ca\/","name":"Laboratoire de recherche de Martine H\u00e9bert","description":"Laboratoire de recherche de Martine H\u00e9bert","potentialAction":[{"@type":"SearchAction","target":{"@type":"EntryPoint","urlTemplate":"https:\/\/martinehebert.uqam.ca\/en\/\/recherche\/?q={search_term_string}"},"query-input":{"@type":"PropertyValueSpecification","valueRequired":true,"valueName":"search_term_string"}}],"inLanguage":"en-US"}]}},"_links":{"self":[{"href":"https:\/\/martinehebert.uqam.ca\/en\/wp-json\/wp\/v2\/pages\/1460","targetHints":{"allow":["GET"]}}],"collection":[{"href":"https:\/\/martinehebert.uqam.ca\/en\/wp-json\/wp\/v2\/pages"}],"about":[{"href":"https:\/\/martinehebert.uqam.ca\/en\/wp-json\/wp\/v2\/types\/page"}],"author":[{"embeddable":true,"href":"https:\/\/martinehebert.uqam.ca\/en\/wp-json\/wp\/v2\/users\/580"}],"replies":[{"embeddable":true,"href":"https:\/\/martinehebert.uqam.ca\/en\/wp-json\/wp\/v2\/comments?post=1460"}],"version-history":[{"count":8,"href":"https:\/\/martinehebert.uqam.ca\/en\/wp-json\/wp\/v2\/pages\/1460\/revisions"}],"predecessor-version":[{"id":6572,"href":"https:\/\/martinehebert.uqam.ca\/en\/wp-json\/wp\/v2\/pages\/1460\/revisions\/6572"}],"up":[{"embeddable":true,"href":"https:\/\/martinehebert.uqam.ca\/en\/wp-json\/wp\/v2\/pages\/1452"}],"wp:attachment":[{"href":"https:\/\/martinehebert.uqam.ca\/en\/wp-json\/wp\/v2\/media?parent=1460"}],"wp:term":[{"taxonomy":"category","embeddable":true,"href":"https:\/\/martinehebert.uqam.ca\/en\/wp-json\/wp\/v2\/categories?post=1460"}],"curies":[{"name":"wp","href":"https:\/\/api.w.org\/{rel}","templated":true}]}}